{"id":1176,"date":"2013-04-05T14:11:13","date_gmt":"2013-04-05T13:11:13","guid":{"rendered":"http:\/\/www.kriesi.at\/themes\/enfold\/?page_id=1176"},"modified":"2025-01-10T12:45:34","modified_gmt":"2025-01-10T11:45:34","slug":"preise-salzburg","status":"publish","type":"page","link":"https:\/\/schoolofpopmusic.at\/?page_id=1176","title":{"rendered":"Preise Salzburg"},"content":{"rendered":"<div id='av_section_1'  class='avia-section av-1q6r0ns-11b8c9c7992f2b2c10ab9ce6941a1eac alternate_color avia-section-default avia-no-shadow  avia-builder-el-0  el_before_av_one_half  avia-builder-el-first  avia-bg-style-scroll container_wrap fullsize'  ><div class='container av-section-cont-open' ><main  role=\"main\" itemprop=\"mainContentOfPage\"  class='template-page content  av-content-full alpha units'><div class='post-entry post-entry-type-page post-entry-1176'><div class='entry-content-wrapper clearfix'>\n<div  class='avia-table av-1nta8rs-70aa9585a9e9871a0134cb09caa5d185 main_color avia-pricing-table-container avia_pricing_default  avia-builder-el-1  avia-builder-el-no-sibling  avia-table-1'  itemscope=\"itemscope\" itemtype=\"https:\/\/schema.org\/Table\" ><div class=\"pricing-table-wrap\"><ul class='pricing-table '><li class='avia-heading-row'><div class='first-table-item'>Preise f\u00fcr Unterricht bei Richard Griesfelder<\/div><span class='pricing-extra'><\/span><\/li><li class='avia-pricing-row'>489,00<span class=\"currency-symbol\">\u20ac<\/span><br \/>\n<small>pro Semester<\/small><\/li><li class=''>25 Minuten pro Woche (16 Einheiten) oder<br \/>\n50 Minuten alle 2 Wochen (8 Einheiten)<\/li><li class=''>Individuelle Betreuung<br \/>\nGemeinsame Zielsetzung und entsprechender Unterricht<\/li><li class='avia-button-row'><div  class='avia-button-wrap av-mmbfug-6d2607a0d9d79ffd9c11712576a0b027-wrap avia-button-center  avia-builder-el-2  el_before_av_button  avia-builder-el-first '><a href='https:\/\/schoolofpopmusic.at\/?p=3486'  class='avia-button av-mmbfug-6d2607a0d9d79ffd9c11712576a0b027 av-link-btn avia-icon_select-yes-left-icon avia-size-medium avia-position-center avia-color-theme-color'   aria-label=\"Zum Kurs anmelden\"><span class='avia_button_icon avia_button_icon_left avia-iconfont avia-font-entypo-fontello' data-av_icon='' data-av_iconfont='entypo-fontello' ><\/span><span class='avia_iconbox_title' >Zum Kurs anmelden<\/span><\/a><\/div><\/li><li class=''>Preise f\u00fcr andere Lehrkr\u00e4fte sind direkt mit dem Lehrer zu besprechen.<\/li><\/ul><\/div><div class=\"pricing-table-wrap\"><ul class='pricing-table '><li class='avia-heading-row'><div class='first-table-item'>Preise f\u00fcr Unterricht bei Richard Griesfelder<\/div><span class='pricing-extra'><\/span><\/li><li class='avia-pricing-row'>929,00<span class=\"currency-symbol\">\u20ac<\/span><br \/>\n<small>pro Semester<\/small><\/li><li class=''>50 Minuten Einzelunterricht pro Woche (16 Einheiten)<\/li><li class=''>Individuelle Betreuung<br \/>\nGemeinsame Zielsetzung und entsprechender Unterricht<\/li><li class='avia-button-row'><div  class='avia-button-wrap av-fwdiqw-ef6b6827d738b32b62d29ec0454f6ec4-wrap avia-button-center  avia-builder-el-3  el_after_av_button  avia-builder-el-last '><a href='https:\/\/schoolofpopmusic.at\/?p=3486'  class='avia-button av-fwdiqw-ef6b6827d738b32b62d29ec0454f6ec4 av-link-btn avia-icon_select-yes-left-icon avia-size-medium avia-position-center avia-color-theme-color'   aria-label=\"Zum Kurs anmelden\"><span class='avia_button_icon avia_button_icon_left avia-iconfont avia-font-entypo-fontello' data-av_icon='' data-av_iconfont='entypo-fontello' ><\/span><span class='avia_iconbox_title' >Zum Kurs anmelden<\/span><\/a><\/div><\/li><li class=''>Preise f\u00fcr andere Lehrkr\u00e4fte sind direkt mit dem Lehrer zu besprechen.<\/li><\/ul><\/div><\/div>\n<\/div><\/div><\/main><!-- close content main element --><\/div><\/div><div id='after_section_1'  class='main_color av_default_container_wrap container_wrap fullsize'  ><div class='container av-section-cont-open' ><div class='template-page content  av-content-full alpha units'><div class='post-entry post-entry-type-page post-entry-1176'><div class='entry-content-wrapper clearfix'><div  class='flex_column av-ed9mzs-412be473b83aec4c77051ef83599bb40 av_one_half  avia-builder-el-4  el_after_av_section  el_before_av_one_half  avia-builder-el-first  first flex_column_div  '     ><p>\n<style type=\"text\/css\" data-created_by=\"avia_inline_auto\" id=\"style-css-av-c2go6g-1355512a9a513960ab6bfcd8fb925e1d\">\n#top .av-special-heading.av-c2go6g-1355512a9a513960ab6bfcd8fb925e1d{\npadding-bottom:10px;\n}\nbody .av-special-heading.av-c2go6g-1355512a9a513960ab6bfcd8fb925e1d .av-special-heading-tag .heading-char{\nfont-size:25px;\n}\n.av-special-heading.av-c2go6g-1355512a9a513960ab6bfcd8fb925e1d .av-subheading{\nfont-size:10px;\n}\n<\/style>\n<div  class='av-special-heading av-c2go6g-1355512a9a513960ab6bfcd8fb925e1d av-special-heading-h3 meta-heading  avia-builder-el-5  el_before_av_textblock  avia-builder-el-first '><h3 class='av-special-heading-tag '  itemprop=\"headline\"  >Informationen<\/h3><div class=\"special-heading-border\"><div class=\"special-heading-inner-border\"><\/div><\/div><\/div><br \/>\n<section  class='av_textblock_section av-b9sv48-37acf948c41839099c282108d05697ed '   itemscope=\"itemscope\" itemtype=\"https:\/\/schema.org\/CreativeWork\" ><div class='avia_textblock'  itemprop=\"text\" ><p>Ab der Teilnahme von 2 oder mehreren Familienmitgliedern am Unterricht gew\u00e4hren wir eine <strong>Erm\u00e4\u00dfigung von 5%<\/strong> je Familienmitglied.<\/p>\n<h4>Wer kann sich alles anmelden?<\/h4>\n<p><span class='av_dropcap1 av-av_dropcap1-3cd9da5fea0ef5fb27aee617571c39a3'>S<\/span>ch\u00fclern wird\u00a0in unseren Kursen auf Augenh\u00f6he\u00a0begegnet. Egal, ob Anf\u00e4nger, Fortgeschritten oder Profi. Ein Experte wird Mensch nur dann, wenn er sich immer weiter fortbildet. Bei der Auswahl unserer Fachkr\u00e4fte achten wir besonders darauf, dass die Betreuung der Sch\u00fcler professionell, leistungsorientiert und nachhaltig stattfindet.<\/p>\n<h4>Wo finden die Kurse statt?<\/h4>\n<p><span class='av_dropcap1 av-av_dropcap1-3cd9da5fea0ef5fb27aee617571c39a3'>W<\/span>ir sind an 3 Standorten in \u00d6sterreich vertreten. Linz, Salzburg und Spittal\/Drau. Wichtig ist es daher bei der Anmeldung ganz klar anzugeben, welchen Standort Sie bevorzugen. Sollten Sie dazu Fragen haben, wenden Sie sich bitte per uns. Wir sind per Email bzw. auch \u00fcber unser Kontaktformular erreichbar.<\/p>\n<h4>Was, wenn ich mir noch nicht sicher bin?<\/h4>\n<p><span class='av_dropcap1 av-av_dropcap1-3cd9da5fea0ef5fb27aee617571c39a3'>P<\/span>robieren Sie gerne auch eine Schnupperstunde. Wir sind per Email bzw. auch \u00fcber unser Kontaktformular erreichbar.<\/p>\n<hr \/>\n<\/div><\/section><\/p><\/div><\/p>\n<div  class='flex_column av-8q4ytk-7076bf0ce961cbdf94dd7513c7a7abfc av_one_half  avia-builder-el-7  el_after_av_one_half  el_before_av_section  avia-builder-el-last  flex_column_div  '     ><p>\n<style type=\"text\/css\" data-created_by=\"avia_inline_auto\" id=\"style-css-av-85nfw8-c736de9c0306a028e5934a1a9549cefb\">\n#top .av-special-heading.av-85nfw8-c736de9c0306a028e5934a1a9549cefb{\npadding-bottom:10px;\n}\nbody .av-special-heading.av-85nfw8-c736de9c0306a028e5934a1a9549cefb .av-special-heading-tag .heading-char{\nfont-size:25px;\n}\n.av-special-heading.av-85nfw8-c736de9c0306a028e5934a1a9549cefb .av-subheading{\nfont-size:10px;\n}\n<\/style>\n<div  class='av-special-heading av-85nfw8-c736de9c0306a028e5934a1a9549cefb av-special-heading-h3 meta-heading  avia-builder-el-8  el_before_av_textblock  avia-builder-el-first '><h3 class='av-special-heading-tag '  itemprop=\"headline\"  >Offene Punkte?<\/h3><div class=\"special-heading-border\"><div class=\"special-heading-inner-border\"><\/div><\/div><\/div><br \/>\n<section  class='av_textblock_section av-6iuo6w-71f991f317ac7ed3c9671b31772d65c8 '   itemscope=\"itemscope\" itemtype=\"https:\/\/schema.org\/CreativeWork\" ><div class='avia_textblock'  itemprop=\"text\" ><p>Neue Anmeldungen zu Kursen nehmen wir sonst aber auch gerne per E-Mail entgegen. Eine<strong> telefonische Anmeldung<\/strong> \u00fcber\u00a0unser Sekretariat ist leider nicht m\u00f6glich.\u00a0Bei uns gilt: Lieber zu viel fragen, als zu wenig.<\/p>\n<h4>Sind noch irgendwelche Fragen offen?<\/h4>\n<p><strong>Schulgeld:<\/strong> Das Schulgeld ist zu Semesterbeginn sofort nach Erhalt der Rechnung zu bezahlen.<\/p>\n<p><strong>Unterrichtsort:<\/strong> Sollte nichts Anderes mit der Fachkraft abgesprochen sein, so findet der Unterricht im B\u00e4reng\u00e4sschen 8 oder in Henndorf\/Wallersee statt.<\/p>\n<p><strong>Ferien:<\/strong> Die Ferien- und Feiertagsordnung der \u00f6ffentlichen, allgemeinbildenden Schulen gilt im Wesentlichen auch f\u00fcr die S.O.P.<\/p>\n<p><strong>K\u00fcndigung:<\/strong> Der Unterrichtsvertrag kann von den Beteiligten halbj\u00e4hrlich mit einer Frist von 4 Wochen vor Ende des laufenden Semesters gek\u00fcndigt werden. Die K\u00fcndigung muss der S.O.P. schriftlich vorliegen.<\/p>\n<p><strong>Adress\u00e4nderung:<\/strong> \u00c4nderungen der Adresse sind der Musikschulleitung unverz\u00fcglich zu melden.<\/p>\n<p><strong>Krankheit:<\/strong> Bei l\u00e4ngerer, nachweisbarer Erkrankung kann das Schulgeld auf die Dauer der Erkrankung ausgesetzt werden. Dazu bitte unbedingt telefonisch so schnell, wie m\u00f6glich, informieren oder per E-Mail kontaktieren. Bei Erkrankung des Lehrers werden die entfallenen Stunden zu einem sp\u00e4teren Termin nachgeholt bzw. verg\u00fctet.<\/p>\n<p>Noch Fragen? Schicken Sie uns eine <a href=\"https:\/\/schoolofpopmusic.at\/?page_id=1167\" target=\"_blank\" rel=\"noopener\">E-Mail<\/a>.\u00a0Wir helfen gerne weiter!<\/p>\n<hr \/>\n<h4><\/h4>\n<\/div><\/section><\/p><\/div>\n<\/div><\/div><\/div><!-- close content main div --><\/div><\/div><div id='av_section_2'  class='avia-section av-40cct4-4a2c6ab228093f7274e24779c35133a2 socket_color avia-section-default avia-no-shadow  avia-builder-el-10  el_after_av_one_half  avia-builder-el-last  avia-bg-style-scroll container_wrap fullsize'  ><div class='container av-section-cont-open' ><div class='template-page content  av-content-full alpha units'><div class='post-entry post-entry-type-page post-entry-1176'><div class='entry-content-wrapper clearfix'>\n<div  class='av_promobox av-37gejc-271977c74c77a5234d0799e1fba8c650 avia-button-yes  avia-builder-el-11  avia-builder-el-no-sibling '><div class='avia-promocontent'><p>Entscheiden Sie sich jetzt f\u00fcr Ihre Teilnahme bei der School Of Popmusic und\u00a0<strong>melden Sie sich an.\u00a0<\/strong><\/p>\n<\/div><div  class='avia-button-wrap av-37gejc-3dbe48ae482cabae7bbeb1db5155af14-wrap avia-button-right '><a href='https:\/\/schoolofpopmusic.at\/?p=3486'  class='avia-button av-37gejc-3dbe48ae482cabae7bbeb1db5155af14 av-link-btn avia-icon_select-yes-left-icon avia-size-large avia-position-right avia-color-theme-color'   aria-label=\"Anmelden\"><span class='avia_button_icon avia_button_icon_left avia-iconfont avia-font-entypo-fontello' data-av_icon='' data-av_iconfont='entypo-fontello' ><\/span><span class='avia_iconbox_title' >Anmelden<\/span><\/a><\/div><\/div>\n\n","protected":false},"excerpt":{"rendered":"","protected":false},"author":1,"featured_media":0,"parent":3348,"menu_order":0,"comment_status":"open","ping_status":"closed","template":"","meta":{"footnotes":"","_links_to":"","_links_to_target":""},"class_list":["post-1176","page","type-page","status-publish","hentry"],"_links":{"self":[{"href":"https:\/\/schoolofpopmusic.at\/index.php?rest_route=\/wp\/v2\/pages\/1176","targetHints":{"allow":["GET"]}}],"collection":[{"href":"https:\/\/schoolofpopmusic.at\/index.php?rest_route=\/wp\/v2\/pages"}],"about":[{"href":"https:\/\/schoolofpopmusic.at\/index.php?rest_route=\/wp\/v2\/types\/page"}],"author":[{"embeddable":true,"href":"https:\/\/schoolofpopmusic.at\/index.php?rest_route=\/wp\/v2\/users\/1"}],"replies":[{"embeddable":true,"href":"https:\/\/schoolofpopmusic.at\/index.php?rest_route=%2Fwp%2Fv2%2Fcomments&post=1176"}],"version-history":[{"count":37,"href":"https:\/\/schoolofpopmusic.at\/index.php?rest_route=\/wp\/v2\/pages\/1176\/revisions"}],"predecessor-version":[{"id":296021,"href":"https:\/\/schoolofpopmusic.at\/index.php?rest_route=\/wp\/v2\/pages\/1176\/revisions\/296021"}],"up":[{"embeddable":true,"href":"https:\/\/schoolofpopmusic.at\/index.php?rest_route=\/wp\/v2\/pages\/3348"}],"wp:attachment":[{"href":"https:\/\/schoolofpopmusic.at\/index.php?rest_route=%2Fwp%2Fv2%2Fmedia&parent=1176"}],"curies":[{"name":"wp","href":"https:\/\/api.w.org\/{rel}","templated":true}]}}