{"id":3354,"date":"2015-07-25T11:29:48","date_gmt":"2015-07-25T10:29:48","guid":{"rendered":"https:\/\/schoolofpopmusic.at\/?page_id=3354"},"modified":"2025-01-10T09:49:51","modified_gmt":"2025-01-10T08:49:51","slug":"service-salzburg","status":"publish","type":"page","link":"https:\/\/schoolofpopmusic.at\/?page_id=3354","title":{"rendered":"Kurse Salzburg"},"content":{"rendered":"<div  class='flex_column av-vxjdyy-407111793ae1635411215563c7e6a4d0 av_one_full  avia-builder-el-0  el_before_av_one_half  avia-builder-el-first  first flex_column_div  '     ><section  class='av_textblock_section av-v1c9kq-f988eaa5f7792ec9e1b9e31d12af7723 '   itemscope=\"itemscope\" itemtype=\"https:\/\/schema.org\/CreativeWork\" ><div class='avia_textblock'  itemprop=\"text\" ><h2>Unsere Leistungen in Salzburg<\/h2>\n<\/div><\/section><br \/>\n<section  class='av_textblock_section av-sye7y2-85d52eb2e0870658e6b5700df2d7f900 '   itemscope=\"itemscope\" itemtype=\"https:\/\/schema.org\/CreativeWork\" ><div class='avia_textblock'  itemprop=\"text\" ><p>In Salzburg finden alle Unterrichtsstunden &amp; Kurse &#8211; sofern nicht anders vereinbart &#8211; in der H.O.M.E. Mission Base SALZBURG, B\u00e4reng\u00e4sschen 8, statt.<\/p>\n<\/div><\/section><\/p><\/div>\n<div  class='flex_column av-s2rw0a-09ac7197a609e9c4d428b330fd3f5dfc av_one_half  avia-builder-el-3  el_after_av_one_full  el_before_av_one_half  first flex_column_div  column-top-margin'     ><div  class='avia-icon-list-container av-2lc73e-f78964bae54eb7fab2eff694aac8ef87  avia-builder-el-4  avia-builder-el-no-sibling '><ul class='avia-icon-list avia_animate_when_almost_visible avia-icon-list-left av-iconlist-big av-2lc73e-f78964bae54eb7fab2eff694aac8ef87 avia-iconlist-animate'>\n<li><div class='iconlist_icon av-mp3smy-68c214984bb5665c92ff29a18f84f2cb avia-font-entypo-fontello avia-iconfont avia-font-entypo-fontello'><span class='av-icon-char' data-av_icon='\ue800' data-av_iconfont='entypo-fontello' aria-hidden=\"true\"><\/span><\/div><article class=\"article-icon-entry \"  itemscope=\"itemscope\" itemtype=\"https:\/\/schema.org\/CreativeWork\" ><div class=\"iconlist_content_wrap\"><header class=\"entry-content-header\" aria-label=\"Icon: Klavier\"><h4 class='av_iconlist_title iconlist_title  '  itemprop=\"headline\" >Klavier<\/h4><\/header><div class='iconlist_content '  itemprop=\"text\" ><p><strong>Klavier<\/strong> vermittelt neben den technischen Fertigkeiten auch Verst\u00e4ndnis f\u00fcr Harmonieaufbau und Struktur eines Songs. Mit der F\u00e4higkeit Akkordsymbole im Spiel umzusetzen, den richtigen \u201eGroove\u201c f\u00fcr Musikstilrichtungen wie Pop, Rock, Gospel und Jazz zu finden wird eine wirkungsvolle Songbegleitung erreicht.<\/p>\n<\/div><\/div><footer class=\"entry-footer\"><\/footer><\/article><div class=\"iconlist-timeline\"><\/div><\/li>\n<li><div class='iconlist_icon av-22pz0a-5c4c9bc29fff784c730159ca93d12458 avia-font-entypo-fontello avia-iconfont avia-font-entypo-fontello'><span class='av-icon-char' data-av_icon='\ue800' data-av_iconfont='entypo-fontello' aria-hidden=\"true\"><\/span><\/div><article class=\"article-icon-entry \"  itemscope=\"itemscope\" itemtype=\"https:\/\/schema.org\/CreativeWork\" ><div class=\"iconlist_content_wrap\"><header class=\"entry-content-header\" aria-label=\"Icon: Schlagzeug\"><h4 class='av_iconlist_title iconlist_title  '  itemprop=\"headline\" >Schlagzeug<\/h4><\/header><div class='iconlist_content '  itemprop=\"text\" ><p><strong>Schlagzeug\u00a0<\/strong>vermittelt grundlegende Techniken f\u00fcr Anf\u00e4nger und Fortgeschrittene. Richtige Stick-Haltung und \u2013Technik, Begleiten in verschiedenen Stilrichtungen (Pop, Rock, Funk, Latin, Jazz, Metal, \u2026) sind ebenso Schwerpunkte, wie das Gestalten von Solos, Leadsheet-Reading, Double-Bassdrum sowie das Transkribieren von Drumparts.<\/p>\n<p>In Salzburg gibt es die einmalige Gelegenheit, auch im Bereich &#8222;(Death) Metal&#8220; fundierten Unterricht zu nehmen.<\/p>\n<\/div><\/div><footer class=\"entry-footer\"><\/footer><\/article><div class=\"iconlist-timeline\"><\/div><\/li>\n<li><div class='iconlist_icon av-i5vdpm-8ffc408c89328d3e6d690a9fa80ef4ad avia-font-entypo-fontello avia-iconfont avia-font-entypo-fontello'><span class='av-icon-char' data-av_icon='\ue800' data-av_iconfont='entypo-fontello' aria-hidden=\"true\"><\/span><\/div><article class=\"article-icon-entry \"  itemscope=\"itemscope\" itemtype=\"https:\/\/schema.org\/CreativeWork\" ><div class=\"iconlist_content_wrap\"><header class=\"entry-content-header\" aria-label=\"Icon: E-Bass\/Kontrabass\"><h4 class='av_iconlist_title iconlist_title  '  itemprop=\"headline\" >E-Bass\/Kontrabass<\/h4><\/header><div class='iconlist_content '  itemprop=\"text\" ><p><strong>E-Bass<\/strong>\u00a0besch\u00e4ftigt sich neben Spieltechniken f\u00fcr Anf\u00e4nger und Fortgeschrittene auch mit \u201eProgressive Bass\u201c &#8211; Konzepten unterschiedlicher Musikrichtungen, zB: Rock, Reggae, Pop, Electro, Funk, Klassik &#8230; Weiters wird das Empfinden f\u00fcr Harmonieaufbau und Form eines Songs vermittelt. Das Ziel ist ein tiefes Verst\u00e4ndnis f\u00fcr die Entwicklung und die Funktion des Basses in der Musik zu schaffen.<\/p>\n<\/div><\/div><footer class=\"entry-footer\"><\/footer><\/article><div class=\"iconlist-timeline\"><\/div><\/li>\n<li><div class='iconlist_icon av-nty4qi-4af5e576689018f8f790eb8f3e93c977 avia-font-entypo-fontello avia-iconfont avia-font-entypo-fontello'><span class='av-icon-char' data-av_icon='\ue800' data-av_iconfont='entypo-fontello' aria-hidden=\"true\"><\/span><\/div><article class=\"article-icon-entry \"  itemscope=\"itemscope\" itemtype=\"https:\/\/schema.org\/CreativeWork\" ><div class=\"iconlist_content_wrap\"><header class=\"entry-content-header\" aria-label=\"Icon: Vocal Class\/Gesang\"><h4 class='av_iconlist_title iconlist_title  '  itemprop=\"headline\" >Vocal Class\/Gesang<\/h4><\/header><div class='iconlist_content '  itemprop=\"text\" ><p><strong>Vocal Class<\/strong> besch\u00e4ftigt sich mit der Entwicklung der ganz individuellen Singstimme. Mit Hilfe von Tipps und Tricks wird erlernt, stimmlichen Schw\u00e4chen ihre Schrecken zu nehmen. Auch Improvisation und Interpretation sind Umfang des Unterrichts. Kurz gesagt: Die eigene Stimme entdecken und genie\u00dfen lernen!<\/p>\n<p>ACHTUNG: Dieser Kurs wird derzeit NICHT angeboten!<\/p>\n<\/div><\/div><footer class=\"entry-footer\"><\/footer><\/article><div class=\"iconlist-timeline\"><\/div><\/li>\n<\/ul><\/div><\/div>\n<div  class='flex_column av-gbbjpm-68e4d7dcf719228331d6650e226a5f71 av_one_half  avia-builder-el-5  el_after_av_one_half  el_before_av_hr  flex_column_div  column-top-margin'     ><div  class='avia-icon-list-container av-eacg3e-eb45e899c3f5f9ec089472fc8570618a  avia-builder-el-6  avia-builder-el-no-sibling '><ul class='avia-icon-list avia_animate_when_almost_visible avia-icon-list-left av-iconlist-big av-eacg3e-eb45e899c3f5f9ec089472fc8570618a avia-iconlist-animate'>\n<li><div class='iconlist_icon av-byswhm-08d60b1d3eaa0d5064162d75c9968cd8 avia-font-entypo-fontello avia-iconfont avia-font-entypo-fontello'><span class='av-icon-char' data-av_icon='\ue800' data-av_iconfont='entypo-fontello' aria-hidden=\"true\"><\/span><\/div><article class=\"article-icon-entry \"  itemscope=\"itemscope\" itemtype=\"https:\/\/schema.org\/CreativeWork\" ><div class=\"iconlist_content_wrap\"><header class=\"entry-content-header\" aria-label=\"Icon: Saxophon\"><h4 class='av_iconlist_title iconlist_title  '  itemprop=\"headline\" >Saxophon<\/h4><\/header><div class='iconlist_content '  itemprop=\"text\" ><p><strong>Saxophon<\/strong> \u2013 Im Unterricht wird an der Atemtechnik, dem Entwickeln eines Sounds, an der Fingerfertigkeit, am Notenlesen und Phrasing gearbeitet. Wenn es gew\u00fcnscht ist, tauchen wir auch Schritt f\u00fcr Schritt in die Welt des Improvisierens ein. Unumg\u00e4nglich daf\u00fcr ist ein Basiswissen \u00fcber die Musiktheorie, welche immer wieder tr\u00f6pfchenweisen einflie\u00dfen.<\/p>\n<\/div><\/div><footer class=\"entry-footer\"><\/footer><\/article><div class=\"iconlist-timeline\"><\/div><\/li>\n<li><div class='iconlist_icon av-aghb96-e9afb61c247e06a9ed3bcec9c8eaefaa avia-font-entypo-fontello avia-iconfont avia-font-entypo-fontello'><span class='av-icon-char' data-av_icon='\ue800' data-av_iconfont='entypo-fontello' aria-hidden=\"true\"><\/span><\/div><article class=\"article-icon-entry \"  itemscope=\"itemscope\" itemtype=\"https:\/\/schema.org\/CreativeWork\" ><div class=\"iconlist_content_wrap\"><header class=\"entry-content-header\" aria-label=\"Icon: Querfl\u00f6te\"><h4 class='av_iconlist_title iconlist_title  '  itemprop=\"headline\" >Querfl\u00f6te<\/h4><\/header><div class='iconlist_content '  itemprop=\"text\" ><p><strong>Querfl\u00f6te<\/strong>\u00a0&#8211; Der Querfl\u00f6tenunterricht hat technische sowie allgemeinmusikalische Themen zum Inhalt, um eine gesunde Basis f\u00fcr die Improvisation\u00a0 zu schaffen. Durch\u00a0zahlreichen \u00dcbungen zu Ton, Ansatz, Atemtechnik und einer praxisnahen Musik-und Harmonielehre\u00a0 wird\u00a0 der Einstieg zum &#8222;einfach mal Mitspielen&#8220; in Musikstilrichtungen wie \u00a0Pop, Rock , Gospel Jazz\u00a0 erm\u00f6glicht.<\/p>\n<\/div><\/div><footer class=\"entry-footer\"><\/footer><\/article><div class=\"iconlist-timeline\"><\/div><\/li>\n<li><div class='iconlist_icon av-9fqfsq-1ae26248a563467e1f2ca5f8b26eb973 avia-font-entypo-fontello avia-iconfont avia-font-entypo-fontello'><span class='av-icon-char' data-av_icon='\ue800' data-av_iconfont='entypo-fontello' aria-hidden=\"true\"><\/span><\/div><article class=\"article-icon-entry \"  itemscope=\"itemscope\" itemtype=\"https:\/\/schema.org\/CreativeWork\" ><div class=\"iconlist_content_wrap\"><header class=\"entry-content-header\" aria-label=\"Icon: Improvisation\"><h4 class='av_iconlist_title iconlist_title  '  itemprop=\"headline\" >Improvisation<\/h4><\/header><div class='iconlist_content '  itemprop=\"text\" ><p><strong>Improvisation<\/strong> ist f\u00fcr jeden interessierten Instrumentalisten geeignet, der nicht nur im Notensatz spielen m\u00f6chte. Basierend auf Akkordsymbolen wird das freie Spielen erlernt, bevorzugt f\u00fcr Violincello, Kontrabass, Geige, Fl\u00f6te, Klarinette, Klavier etc.<\/p>\n<\/div><\/div><footer class=\"entry-footer\"><\/footer><\/article><div class=\"iconlist-timeline\"><\/div><\/li>\n<li><div class='iconlist_icon av-7cm6ei-f6bfce8c6f7953e217380180e9064824 avia-font-entypo-fontello avia-iconfont avia-font-entypo-fontello'><span class='av-icon-char' data-av_icon='\ue800' data-av_iconfont='entypo-fontello' aria-hidden=\"true\"><\/span><\/div><article class=\"article-icon-entry \"  itemscope=\"itemscope\" itemtype=\"https:\/\/schema.org\/CreativeWork\" ><div class=\"iconlist_content_wrap\"><header class=\"entry-content-header\" aria-label=\"Icon: Musiktheorie\"><h4 class='av_iconlist_title iconlist_title  '  itemprop=\"headline\" >Musiktheorie<\/h4><\/header><div class='iconlist_content '  itemprop=\"text\" ><p><strong>Musiktheorie<\/strong> dient der Vermittlung musikalischer Grundbegriffe und der Aneignung musikalischer F\u00e4higkeiten. Das Ziel ist es, vom Geh\u00f6rten aus die Theorie zu entdecken und umgekehrt auch\u00a0Strukturen h\u00f6rend zu erkennen. Unter anderem geht es um Notenlesen, Tonleitern, Intervalle, Akkorde und Akkordfolgen. Also: Nicht trockene Theorie, sondern lebendige Musik! Evtl. auch Einzelunterricht zur Vorbereitung von Aufnahmepr\u00fcfungen f\u00fcr das Musikstudium.<\/p>\n<\/div><\/div><footer class=\"entry-footer\"><\/footer><\/article><div class=\"iconlist-timeline\"><\/div><\/li>\n<\/ul><\/div><\/div><div  class='hr av-3rorcq-a86db9763591d71e492fb74dc174778f hr-default  avia-builder-el-7  el_after_av_one_half  el_before_av_button '><span class='hr-inner '><span class=\"hr-inner-style\"><\/span><\/span><\/div><\/p>\n<div  class='avia-button-wrap av-2j5r0q-4302cdbd423ed67eb8d4ce3f35e5c7cb-wrap avia-button-center  avia-builder-el-8  el_after_av_hr  avia-builder-el-last '><a href='https:\/\/schoolofpopmusic.at\/?page_id=1212'  class='avia-button av-2j5r0q-4302cdbd423ed67eb8d4ce3f35e5c7cb av-link-btn avia-icon_select-yes-left-icon avia-size-medium avia-position-center avia-color-theme-color'   aria-label=\"Das ist unser Team! \"><span class='avia_button_icon avia_button_icon_left avia-iconfont avia-font-entypo-fontello' data-av_icon='\ue80b' data-av_iconfont='entypo-fontello' ><\/span><span class='avia_iconbox_title' >Das ist unser Team! <\/span><\/a><\/div>\n","protected":false},"excerpt":{"rendered":"","protected":false},"author":1,"featured_media":0,"parent":3348,"menu_order":0,"comment_status":"open","ping_status":"closed","template":"","meta":{"footnotes":"","_links_to":"","_links_to_target":""},"class_list":["post-3354","page","type-page","status-publish","hentry"],"_links":{"self":[{"href":"https:\/\/schoolofpopmusic.at\/index.php?rest_route=\/wp\/v2\/pages\/3354","targetHints":{"allow":["GET"]}}],"collection":[{"href":"https:\/\/schoolofpopmusic.at\/index.php?rest_route=\/wp\/v2\/pages"}],"about":[{"href":"https:\/\/schoolofpopmusic.at\/index.php?rest_route=\/wp\/v2\/types\/page"}],"author":[{"embeddable":true,"href":"https:\/\/schoolofpopmusic.at\/index.php?rest_route=\/wp\/v2\/users\/1"}],"replies":[{"embeddable":true,"href":"https:\/\/schoolofpopmusic.at\/index.php?rest_route=%2Fwp%2Fv2%2Fcomments&post=3354"}],"version-history":[{"count":15,"href":"https:\/\/schoolofpopmusic.at\/index.php?rest_route=\/wp\/v2\/pages\/3354\/revisions"}],"predecessor-version":[{"id":295992,"href":"https:\/\/schoolofpopmusic.at\/index.php?rest_route=\/wp\/v2\/pages\/3354\/revisions\/295992"}],"up":[{"embeddable":true,"href":"https:\/\/schoolofpopmusic.at\/index.php?rest_route=\/wp\/v2\/pages\/3348"}],"wp:attachment":[{"href":"https:\/\/schoolofpopmusic.at\/index.php?rest_route=%2Fwp%2Fv2%2Fmedia&parent=3354"}],"curies":[{"name":"wp","href":"https:\/\/api.w.org\/{rel}","templated":true}]}}