{"id":3376,"date":"2015-07-25T11:40:31","date_gmt":"2015-07-25T10:40:31","guid":{"rendered":"https:\/\/schoolofpopmusic.at\/?page_id=3376"},"modified":"2025-10-07T14:38:18","modified_gmt":"2025-10-07T13:38:18","slug":"preise-linz","status":"publish","type":"page","link":"https:\/\/schoolofpopmusic.at\/?page_id=3376","title":{"rendered":"Preise Linz"},"content":{"rendered":"<div  class='avia-table av-2ohispc-6c51aa4c78369e4691fdbbea3e1103e1 main_color avia-pricing-table-container avia_pricing_default  avia-builder-el-0  el_before_av_one_half  avia-builder-el-first  avia-table-1'  itemscope=\"itemscope\" itemtype=\"https:\/\/schema.org\/Table\" ><div class=\"pricing-table-wrap\"><ul class='pricing-table avia-center-col'><li class='avia-heading-row'><div class='first-table-item'>Little-Talent<\/div><span class='pricing-extra'><\/span><\/li><li class='avia-pricing-row'>350,-<br \/>\n<small>pro Semester<\/small><\/li><li class=''>25 Minuten pro Woche<br \/>\n(16 Einheiten) oder<br \/>\n50 Minuten alle 2 Wochen<br \/>\n(8 Einheiten)<\/p>\n<p><\/li><li class=''>Individuelle Betreuung<br \/>\nGemeinsame Zielsetzung und Finalisierung<\/li><li class='avia-button-row'><div  class='avia-button-wrap av-yai5q8-478c8a2d18f3ecd60fe54f277b88ba5c-wrap avia-button-center  avia-builder-el-1  el_before_av_button  avia-builder-el-first '><a href='https:\/\/schoolofpopmusic.at\/?p=3500'  class='avia-button av-yai5q8-478c8a2d18f3ecd60fe54f277b88ba5c av-link-btn avia-icon_select-yes-left-icon avia-size-medium avia-position-center avia-color-theme-color'   aria-label=\"Zum Kurs anmelden\"><span class='avia_button_icon avia_button_icon_left avia-iconfont avia-font-entypo-fontello' data-av_icon='\ue808' data-av_iconfont='entypo-fontello' ><\/span><span class='avia_iconbox_title' >Zum Kurs anmelden<\/span><\/a><\/div><\/p>\n<p><\/li><\/ul><\/div><div class=\"pricing-table-wrap\"><ul class='pricing-table avia-center-col'><li class='avia-heading-row'><div class='first-table-item'>Single-Talent<\/div><span class='pricing-extra'><\/span><\/li><li class='avia-pricing-row'>649,-<br \/>\n<small>pro Semester<\/small><\/li><li class=''>50 Minuten Einzelunterricht pro Woche (16 Einheiten)<\/li><li class=''>Individuelle Betreuung<br \/>\nGemeinsame Zielsetzung und Finalisierung<\/li><li class='avia-button-row'><div  class='avia-button-wrap av-vf2b34-721de4518e875f133ffec31fb9de2299-wrap avia-button-center  avia-builder-el-2  el_after_av_button  avia-builder-el-last '><a href='https:\/\/schoolofpopmusic.at\/?p=3500'  class='avia-button av-vf2b34-721de4518e875f133ffec31fb9de2299 av-link-btn avia-icon_select-yes-left-icon avia-size-medium avia-position-center avia-color-theme-color'   aria-label=\"Zum Kurs anmelden\"><span class='avia_button_icon avia_button_icon_left avia-iconfont avia-font-entypo-fontello' data-av_icon='' data-av_iconfont='entypo-fontello' ><\/span><span class='avia_iconbox_title' >Zum Kurs anmelden<\/span><\/a><\/div><\/p>\n<p><\/li><\/ul><\/div><\/div>\n<div  class='flex_column av-f2u94g-7b9d1c56f9d593ce247e03161962db1c av_one_half  avia-builder-el-3  el_after_av_table  el_before_av_one_half  first flex_column_div  '     ><p>\n<style type=\"text\/css\" data-created_by=\"avia_inline_auto\" id=\"style-css-av-dsl34w-bb548e6bbe008d6e9dcbbb224ca5d6b9\">\n#top .av-special-heading.av-dsl34w-bb548e6bbe008d6e9dcbbb224ca5d6b9{\npadding-bottom:10px;\n}\nbody .av-special-heading.av-dsl34w-bb548e6bbe008d6e9dcbbb224ca5d6b9 .av-special-heading-tag .heading-char{\nfont-size:25px;\n}\n.av-special-heading.av-dsl34w-bb548e6bbe008d6e9dcbbb224ca5d6b9 .av-subheading{\nfont-size:10px;\n}\n<\/style>\n<div  class='av-special-heading av-dsl34w-bb548e6bbe008d6e9dcbbb224ca5d6b9 av-special-heading-h3 meta-heading  avia-builder-el-4  el_before_av_textblock  avia-builder-el-first '><h3 class='av-special-heading-tag '  itemprop=\"headline\"  >Informationen<\/h3><div class=\"special-heading-border\"><div class=\"special-heading-inner-border\"><\/div><\/div><\/div><br \/>\n<section  class='av_textblock_section av-18esm8-e6602d72b005e3fc00dbdc9b5e8bff45 '   itemscope=\"itemscope\" itemtype=\"https:\/\/schema.org\/CreativeWork\" ><div class='avia_textblock'  itemprop=\"text\" ><p>Ab der Teilnahme von 2 oder mehreren Familienmitgliedern am Unterricht gew\u00e4hren wir eine <strong>Erm\u00e4\u00dfigung von 5%<\/strong> je Familienmitglied.<\/p>\n<h4>Wer kann sich alles anmelden?<\/h4>\n<p><span class='av_dropcap1 av-av_dropcap1-3cd9da5fea0ef5fb27aee617571c39a3'>S<\/span>ch\u00fclern wird\u00a0in unseren Kursen auf Augenh\u00f6he\u00a0begegnet. Egal, ob Anf\u00e4nger, Fortgeschritten oder Profi. Ein Experte wird Mensch nur dann, wenn er sich immer weiter fortbildet. Bei der Auswahl unserer Fachkr\u00e4fte achten wir besonders darauf, dass die Betreuung der Sch\u00fcler professionell, leistungsorientiert und nachhaltig stattfindet.<\/p>\n<h4>Wo finden die Kurse statt?<\/h4>\n<p><span class='av_dropcap1 av-av_dropcap1-3cd9da5fea0ef5fb27aee617571c39a3'>O<\/span>ffen gesagt freuen wir uns Ihnen mitteilen zu d\u00fcrfen, dass wir mittlerweile in drei Standorten vertreten sind. Linz, Salzburg und Spittal\/Drau.\u00a0 Wichtig ist es daher bei der Anmeldung ganz klar anzugeben, welchen Standort Sie bevorzugen. Sollten Sie dazu Fragen haben, wenden Sie sich bitte per uns. Wir sind sowohl telefonisch, als auch per E-Mail f\u00fcr Sie erreichbar.<\/p>\n<h4>Was, wenn ich mir noch nicht sicher bin?<\/h4>\n<p><span class='av_dropcap1 av-av_dropcap1-3cd9da5fea0ef5fb27aee617571c39a3'>P<\/span>robieren Sie gerne auch das &#8222;Little-Talent&#8220;-Paket aus. F\u00fcr den g\u00fcnstigsten Preis k\u00f6nnen Sie zwischen einer 50 Minuten-Unterrichtseinheit alle zwei Wochen oder einer 25 Minuten-Einheit jede Woche w\u00e4hlen.\u00a0Sp\u00e4ter k\u00f6nnen Sie sich immer noch f\u00fcr ein weiteres Paket entscheiden.<\/p>\n<hr \/>\n<\/div><\/section><\/p><\/div><div  class='flex_column av-ajhzb4-c48bee4534e8563fde3ecb943d955db0 av_one_half  avia-builder-el-6  el_after_av_one_half  el_before_av_section  avia-builder-el-last  flex_column_div  '     ><p>\n<style type=\"text\/css\" data-created_by=\"avia_inline_auto\" id=\"style-css-av-91xm0g-d24ab0363fe04cd2174e3a0b3346ade7\">\n#top .av-special-heading.av-91xm0g-d24ab0363fe04cd2174e3a0b3346ade7{\npadding-bottom:10px;\n}\nbody .av-special-heading.av-91xm0g-d24ab0363fe04cd2174e3a0b3346ade7 .av-special-heading-tag .heading-char{\nfont-size:25px;\n}\n.av-special-heading.av-91xm0g-d24ab0363fe04cd2174e3a0b3346ade7 .av-subheading{\nfont-size:10px;\n}\n<\/style>\n<div  class='av-special-heading av-91xm0g-d24ab0363fe04cd2174e3a0b3346ade7 av-special-heading-h3 meta-heading  avia-builder-el-7  el_before_av_textblock  avia-builder-el-first '><h3 class='av-special-heading-tag '  itemprop=\"headline\"  >Offene Punkte?<\/h3><div class=\"special-heading-border\"><div class=\"special-heading-inner-border\"><\/div><\/div><\/div><br \/>\n<section  class='av_textblock_section av-85urxs-3ee6da7e8b0c2229e7271508de1faee0 '   itemscope=\"itemscope\" itemtype=\"https:\/\/schema.org\/CreativeWork\" ><div class='avia_textblock'  itemprop=\"text\" ><p>Neue Anmeldungen zu Kursen nehmen wir sonst aber auch gerne per E-Mail entgegen. Eine<strong> telefonische Anmeldung<\/strong> \u00fcber\u00a0unser Sekretariat ist leider nicht m\u00f6glich.\u00a0Bei uns gilt: Lieber zu viel fragen, als zu wenig.<\/p>\n<h4>Sind noch irgendwelche Fragen offen?<\/h4>\n<p><strong>Schulgeld:<\/strong> Das Schulgeld ist zu Semesterbeginn sofort nach Erhalt der Rechnung zu bezahlen.<\/p>\n<p><strong>Unterrichtsort:<\/strong> Am Standort Linz findet der Unterricht in der Regel in der Freien Christengemeinde in Reuchlinstra\u00dfe 32, 4020 Linz statt.<\/p>\n<p><strong>Ferien:<\/strong> Die Ferien- und Feiertagsordnung der \u00f6ffentlichen, allgemeinbildenden Schulen gilt im Wesentlichen auch f\u00fcr die S.O.P.<\/p>\n<p><strong>K\u00fcndigung:<\/strong> Der Unterrichtsvertrag kann von den Beteiligten halbj\u00e4hrlich mit einer Frist von 4 Wochen vor Ende des laufenden Semesters gek\u00fcndigt werden. Die K\u00fcndigung muss der S.O.P. schriftlich vorliegen.<\/p>\n<p><strong>Adress\u00e4nderung:<\/strong> \u00c4nderungen der Adresse sind der Musikschulleitung unverz\u00fcglich zu melden.<\/p>\n<p><strong>Krankheit:<\/strong> Bei l\u00e4ngerer, nachweisbarer Erkrankung kann das Schulgeld auf die Dauer der Erkrankung ausgesetzt werden. Dazu bitte unbedingt telefonisch so schnell, wie m\u00f6glich, informieren oder per E-Mail kontaktieren. Bei Erkrankung des Lehrers werden die entfallenen Stunden zu einem sp\u00e4teren Termin nachgeholt bzw. verg\u00fctet.<\/p>\n<p>Noch Fragen? Schicken Sie uns eine <a href=\"https:\/\/schoolofpopmusic.at\/?page_id=1167\" target=\"_blank\" rel=\"noopener\">E-Mail<\/a>.\u00a0Wir helfen gerne weiter!<\/p>\n<hr \/>\n<h4><\/h4>\n<\/div><\/section><\/p><\/div><\/p>\n<\/div><\/div><\/div><!-- close content main div --><\/div><\/div><div id='av_section_1'  class='avia-section av-5r1ci8-f5a4d7ec84970d7c523674d8026418e3 socket_color avia-section-default avia-no-shadow  avia-builder-el-9  el_after_av_one_half  el_before_av_section  avia-bg-style-scroll container_wrap fullsize'  ><div class='container av-section-cont-open' ><div class='template-page content  av-content-full alpha units'><div class='post-entry post-entry-type-page post-entry-3376'><div class='entry-content-wrapper clearfix'>\n<div  class='av_promobox av-4mb30g-91ebe57123ba891a91b7de83cbd38d37 avia-button-yes  avia-builder-el-10  avia-builder-el-no-sibling '><div class='avia-promocontent'><p>Entscheiden Sie sich jetzt f\u00fcr Ihre Teilnahme bei der School Of Popmusic und\u00a0<strong>melden Sie sich an.\u00a0<\/strong><\/p>\n<\/div><div  class='avia-button-wrap av-4mb30g-54ffd78db467e2886586cec2a6ff459d-wrap avia-button-right '><a href='https:\/\/schoolofpopmusic.at\/?p=3500'  class='avia-button av-4mb30g-54ffd78db467e2886586cec2a6ff459d av-link-btn avia-icon_select-yes-left-icon avia-size-large avia-position-right avia-color-theme-color'   aria-label=\"Anmelden\"><span class='avia_button_icon avia_button_icon_left avia-iconfont avia-font-entypo-fontello' data-av_icon='' data-av_iconfont='entypo-fontello' ><\/span><span class='avia_iconbox_title' >Anmelden<\/span><\/a><\/div><\/div>\n\n<\/div><\/div><\/div><!-- close content main div --><\/div><\/div><div id='av_section_2'  class='avia-section av-9waog-fde760ddbab049221485775db0a1d4ac alternate_color avia-section-default avia-no-shadow  avia-builder-el-11  el_after_av_section  el_before_av_one_full  avia-bg-style-scroll container_wrap fullsize'  ><div class='container av-section-cont-open' ><div class='template-page content  av-content-full alpha units'><div class='post-entry post-entry-type-page post-entry-3376'><div class='entry-content-wrapper clearfix'><\/div><\/div><\/div><!-- close content main div --><\/div><\/div><div id='after_section_2'  class='main_color av_default_container_wrap container_wrap fullsize'  ><div class='container av-section-cont-open' ><div class='template-page content  av-content-full alpha units'><div class='post-entry post-entry-type-page post-entry-3376'><div class='entry-content-wrapper clearfix'>\n\n<style type=\"text\/css\" data-created_by=\"avia_inline_auto\" id=\"style-css-av-1x3n2o-58c580b8aaeb688fb7b775866af23646\">\n.flex_column.av-1x3n2o-58c580b8aaeb688fb7b775866af23646{\nborder-radius:0px 0px 0px 0px;\npadding:0px 0px 0px 0px;\n}\n<\/style>\n<div  class='flex_column av-1x3n2o-58c580b8aaeb688fb7b775866af23646 av_one_full  avia-builder-el-12  el_after_av_section  avia-builder-el-no-sibling  first flex_column_div av-zero-column-padding  '     ><\/div>\n","protected":false},"excerpt":{"rendered":"","protected":false},"author":1,"featured_media":0,"parent":3374,"menu_order":0,"comment_status":"open","ping_status":"closed","template":"","meta":{"footnotes":"","_links_to":"","_links_to_target":""},"class_list":["post-3376","page","type-page","status-publish","hentry"],"_links":{"self":[{"href":"https:\/\/schoolofpopmusic.at\/index.php?rest_route=\/wp\/v2\/pages\/3376","targetHints":{"allow":["GET"]}}],"collection":[{"href":"https:\/\/schoolofpopmusic.at\/index.php?rest_route=\/wp\/v2\/pages"}],"about":[{"href":"https:\/\/schoolofpopmusic.at\/index.php?rest_route=\/wp\/v2\/types\/page"}],"author":[{"embeddable":true,"href":"https:\/\/schoolofpopmusic.at\/index.php?rest_route=\/wp\/v2\/users\/1"}],"replies":[{"embeddable":true,"href":"https:\/\/schoolofpopmusic.at\/index.php?rest_route=%2Fwp%2Fv2%2Fcomments&post=3376"}],"version-history":[{"count":65,"href":"https:\/\/schoolofpopmusic.at\/index.php?rest_route=\/wp\/v2\/pages\/3376\/revisions"}],"predecessor-version":[{"id":296026,"href":"https:\/\/schoolofpopmusic.at\/index.php?rest_route=\/wp\/v2\/pages\/3376\/revisions\/296026"}],"up":[{"embeddable":true,"href":"https:\/\/schoolofpopmusic.at\/index.php?rest_route=\/wp\/v2\/pages\/3374"}],"wp:attachment":[{"href":"https:\/\/schoolofpopmusic.at\/index.php?rest_route=%2Fwp%2Fv2%2Fmedia&parent=3376"}],"curies":[{"name":"wp","href":"https:\/\/api.w.org\/{rel}","templated":true}]}}