{"id":3519,"date":"2015-07-26T01:07:01","date_gmt":"2015-07-26T00:07:01","guid":{"rendered":"https:\/\/schoolofpopmusic.at\/?page_id=3519"},"modified":"2025-03-07T08:53:13","modified_gmt":"2025-03-07T07:53:13","slug":"impressum","status":"publish","type":"page","link":"https:\/\/schoolofpopmusic.at\/?page_id=3519","title":{"rendered":"Impressum"},"content":{"rendered":"<section  class='av_textblock_section av-99o19r-873ba220489a143a85c963d945b615e2 '   itemscope=\"itemscope\" itemtype=\"https:\/\/schema.org\/CreativeWork\" ><div class='avia_textblock'  itemprop=\"text\" ><p><strong>Danke f\u00fcr&#8217;s Vorbeischauen.<br \/>\n<\/strong>Wir sind sehr bem\u00fcht uns weiterzuentwickeln. Scheuen Sie sich also nicht vor Feedback.<\/p>\n<\/div><\/section>\n<div  class='hr av-83g6rj-6c1ea21ab65b60b45a4550addcf869a5 hr-default  avia-builder-el-1  el_after_av_textblock  el_before_av_textblock '><span class='hr-inner '><span class=\"hr-inner-style\"><\/span><\/span><\/div>\n<section  class='av_textblock_section av-6m3yof-7ef07c7cabb02b867ab01fa72d6d5da6 '   itemscope=\"itemscope\" itemtype=\"https:\/\/schema.org\/CreativeWork\" ><div class='avia_textblock'  itemprop=\"text\" ><p><strong>Kontakt Salzburg:<\/strong><br \/>\nRichard Griesfelder<br \/>\nTel. +43 676 8969 2404<br \/>\n<a href=\"mailto:office@schoolofpopmusic.at\">office(at)schoolofpopmusic.at<\/a><\/p>\n<p><strong>Kontakt Linz:<\/strong><br \/>\nElsa &amp; Christian Augustyn<br \/>\nTel. \u202d+43 699 14000691\u202c<br \/>\n<a href=\"mailto:linz@schoolofpopmusic.at\">linz(at)schoolofpopmusic.at<\/a><\/p>\n<p><strong>Kontakt Spittal\/Drau:<\/strong><br \/>\nDieter &amp; Sibylle Petritz<br \/>\n+43 660 12 36 086<br \/>\nspittal(at)schoolofpopmusic.at<\/p>\n<\/div><\/section>\n<div  class='hr av-3vq2yn-9910af82a962989cd46a07564ff8605c hr-default  avia-builder-el-3  el_after_av_textblock  el_before_av_textblock '><span class='hr-inner '><span class=\"hr-inner-style\"><\/span><\/span><\/div>\n<section  class='av_textblock_section av-28z8pb-38a69aa918197f818f533b936e76ff09 '   itemscope=\"itemscope\" itemtype=\"https:\/\/schema.org\/CreativeWork\" ><div class='avia_textblock'  itemprop=\"text\" ><p><strong>Impressum nach \u00a75 des ECG:<\/strong><\/p>\n<p>Betreiber der Webseite:<br \/>\nRichard Griesfelder<br \/>\nWiesm\u00fchlstrasse 14<br \/>\n5302 Henndorf am Wallersee<\/p>\n<p><strong>Betreuer der Webseite:<\/strong><br \/>\nRichard Griesfelder<br \/>\n<strong>Konzept, Gestaltung:<\/strong><br \/>\nLukas Wagner<br \/>\nwww.lukaswagner.at<\/p>\n<p>Sonstiger Hinweis:<br \/>\nDer Herausgeber identifiziert sich nicht mit den Inhalten externer Webseiten (Links), und \u00fcbernimmt daf\u00fcr keinerlei Haftung. Zum Zeitpunkt der Linksetzung auf externe Webseiten, haben sich auf diesen keine illegalen Inhalte befunden. Eine laufende \u00dcberpr\u00fcfung dieser Links ist redaktionell jedoch nicht m\u00f6glich. Verwendung s\u00e4mtlicher Inhalte (Texte, Grafiken, Bilder, Programmcode) nur mit ausdr\u00fccklicher Genehmigung durch den Herausgeber. Inhalt und Struktur der gesamten Homepage sind urheberrechtlich gesch\u00fctzt. Alle Inhalte dienen der pers\u00f6nlichen Information. F\u00fcr allf\u00e4llige Sch\u00e4den, die sich aus der Verwendung der Inhalte der Webseiten ergeben, wird keine Haftung \u00fcbernommen.<\/p>\n<\/div><\/section>\n","protected":false},"excerpt":{"rendered":"","protected":false},"author":1,"featured_media":0,"parent":0,"menu_order":0,"comment_status":"closed","ping_status":"closed","template":"","meta":{"footnotes":"","_links_to":"","_links_to_target":""},"class_list":["post-3519","page","type-page","status-publish","hentry"],"_links":{"self":[{"href":"https:\/\/schoolofpopmusic.at\/index.php?rest_route=\/wp\/v2\/pages\/3519","targetHints":{"allow":["GET"]}}],"collection":[{"href":"https:\/\/schoolofpopmusic.at\/index.php?rest_route=\/wp\/v2\/pages"}],"about":[{"href":"https:\/\/schoolofpopmusic.at\/index.php?rest_route=\/wp\/v2\/types\/page"}],"author":[{"embeddable":true,"href":"https:\/\/schoolofpopmusic.at\/index.php?rest_route=\/wp\/v2\/users\/1"}],"replies":[{"embeddable":true,"href":"https:\/\/schoolofpopmusic.at\/index.php?rest_route=%2Fwp%2Fv2%2Fcomments&post=3519"}],"version-history":[{"count":13,"href":"https:\/\/schoolofpopmusic.at\/index.php?rest_route=\/wp\/v2\/pages\/3519\/revisions"}],"predecessor-version":[{"id":3566,"href":"https:\/\/schoolofpopmusic.at\/index.php?rest_route=\/wp\/v2\/pages\/3519\/revisions\/3566"}],"wp:attachment":[{"href":"https:\/\/schoolofpopmusic.at\/index.php?rest_route=%2Fwp%2Fv2%2Fmedia&parent=3519"}],"curies":[{"name":"wp","href":"https:\/\/api.w.org\/{rel}","templated":true}]}}