{"id":3812,"date":"2016-01-15T14:27:12","date_gmt":"2016-01-15T13:27:12","guid":{"rendered":"https:\/\/schoolofpopmusic.at\/standorte\/braunau\/service-braunau-2\/"},"modified":"2016-01-15T16:52:31","modified_gmt":"2016-01-15T15:52:31","slug":"service-spittal","status":"publish","type":"page","link":"https:\/\/schoolofpopmusic.at\/?page_id=3812","title":{"rendered":"Kurse Spittal \/ Drau"},"content":{"rendered":"<div  class='flex_column av-av_one_full-2a9015ff38129c418a3f2eafba3e9512 av_one_full  avia-builder-el-0  el_before_av_one_half  avia-builder-el-first  first flex_column_div  '     ><section  class='av_textblock_section av-av_textblock-0366cc7376be6c9e82a3e9cc8987b64f '   itemscope=\"itemscope\" itemtype=\"https:\/\/schema.org\/CreativeWork\" ><div class='avia_textblock'  itemprop=\"text\" ><h2>Unsere Leistungen in\u00a0Spittal \/ Drau<\/h2>\n<\/div><\/section><br \/>\n<section  class='av_textblock_section av-av_textblock-0366cc7376be6c9e82a3e9cc8987b64f '   itemscope=\"itemscope\" itemtype=\"https:\/\/schema.org\/CreativeWork\" ><div class='avia_textblock'  itemprop=\"text\" ><p>In Spittal\u00a0finden alle Kurse &#8211; sofern nicht anders vereinbart &#8211; in der\u00a0Koschatstra\u00dfe 42 (Glanzer M\u00fchle) statt.<\/p>\n<\/div><\/section><\/p><\/div><div  class='flex_column av-av_one_half-2a9015ff38129c418a3f2eafba3e9512 av_one_half  avia-builder-el-3  el_after_av_one_full  el_before_av_one_half  first flex_column_div  column-top-margin'     ><div  class='avia-icon-list-container av-av_iconlist-c9265973fe37925e1675fd541a8fb5d9  avia-builder-el-4  avia-builder-el-no-sibling '><ul class='avia-icon-list avia_animate_when_almost_visible avia-icon-list-left av-iconlist-big av-av_iconlist-c9265973fe37925e1675fd541a8fb5d9 avia-iconlist-animate'>\n<li><div class='iconlist_icon av-av_iconlist_item-da6b8ade4c2cc8c831fdf822f03f85c8 avia-font-entypo-fontello avia-iconfont avia-font-entypo-fontello'><span class='av-icon-char' data-av_icon='\ue800' data-av_iconfont='entypo-fontello' aria-hidden=\"true\"><\/span><\/div><article class=\"article-icon-entry \"  itemscope=\"itemscope\" itemtype=\"https:\/\/schema.org\/CreativeWork\" ><div class=\"iconlist_content_wrap\"><header class=\"entry-content-header\" aria-label=\"Icon: E - Gitarre \/ Gitarre\"><h4 class='av_iconlist_title iconlist_title  '  itemprop=\"headline\" >E - Gitarre \/ Gitarre<\/h4><\/header><div class='iconlist_content '  itemprop=\"text\" ><p><strong>Gitarre<\/strong>\u00a0vermittelt grundlegende F\u00e4higkeiten der Songbegleitung. Akkorde und Rhythmen werden erlernt, analysiert, verbogen und zu Eigenem verarbeitet. Solospiel und Improvisation sind zwei weitere Schwergewichte im Unterricht. Unterrichtet wird in elektrischer und akustischer Ausf\u00fchrung und\u00a0lustig ist es auch. *grins* also wer wagt es und schaut mal auf ein Semester vorbei!?E<\/p>\n<\/div><\/div><footer class=\"entry-footer\"><\/footer><\/article><div class=\"iconlist-timeline\"><\/div><\/li>\n<li><div class='iconlist_icon av-av_iconlist_item-8be7a279ccf3dc9327cf0b12611c9e71 avia-font-entypo-fontello avia-iconfont avia-font-entypo-fontello'><span class='av-icon-char' data-av_icon='\ue800' data-av_iconfont='entypo-fontello' aria-hidden=\"true\"><\/span><\/div><article class=\"article-icon-entry \"  itemscope=\"itemscope\" itemtype=\"https:\/\/schema.org\/CreativeWork\" ><div class=\"iconlist_content_wrap\"><header class=\"entry-content-header\" aria-label=\"Icon: E - Bass\"><h4 class='av_iconlist_title iconlist_title  '  itemprop=\"headline\" >E - Bass<\/h4><\/header><div class='iconlist_content '  itemprop=\"text\" ><p><strong>E-Bass<\/strong>\u00a0besch\u00e4ftigt sich neben Spieltechniken f\u00fcr Anf\u00e4nger und Fortgeschrittene auch mit \u201eProgressive Bass\u201c &#8211; Konzepten unterschiedlicher Musikrichtungen, zB: Rock, Reggae, Pop, Electro, Funk, Klassik &#8230; Weiters wird das Empfinden f\u00fcr Harmonieaufbau und Form eines Songs vermittelt. Das Ziel ist ein tiefes Verst\u00e4ndnis f\u00fcr die Entwicklung und die Funktion des Basses in der Musik zu schaffen.<\/p>\n<\/div><\/div><footer class=\"entry-footer\"><\/footer><\/article><div class=\"iconlist-timeline\"><\/div><\/li>\n<li><div class='iconlist_icon av-av_iconlist_item-e9025910087a62e3ea3f9af63f129866 avia-font-entypo-fontello avia-iconfont avia-font-entypo-fontello'><span class='av-icon-char' data-av_icon='\ue800' data-av_iconfont='entypo-fontello' aria-hidden=\"true\"><\/span><\/div><article class=\"article-icon-entry \"  itemscope=\"itemscope\" itemtype=\"https:\/\/schema.org\/CreativeWork\" ><div class=\"iconlist_content_wrap\"><header class=\"entry-content-header\" aria-label=\"Icon: Akkordeon\"><h4 class='av_iconlist_title iconlist_title  '  itemprop=\"headline\" >Akkordeon<\/h4><\/header><div class='iconlist_content '  itemprop=\"text\" ><p><strong>Akkordeon<\/strong>\u00a0besch\u00e4ftigt sich neben Spieltechniken f\u00fcr Anf\u00e4nger und Fortgeschrittene auch mit \u201eProgressive Akkordeon\u201c &#8211; Konzepten unterschiedlicher Musikrichtungen, zB: Rock, Reggae, Pop, Electro, Funk, Klassik &#8230; Weiters wird das Empfinden f\u00fcr Harmonieaufbau und Form eines Songs vermittelt. Das Ziel ist ein tiefes Verst\u00e4ndnis f\u00fcr die Entwicklung und die Funktion des Akkordeons\u00a0in der Musik zu schaffen.<\/p>\n<\/div><\/div><footer class=\"entry-footer\"><\/footer><\/article><div class=\"iconlist-timeline\"><\/div><\/li>\n<\/ul><\/div><\/div><\/p>\n<div  class='flex_column av-av_one_half-1c47c10d9dd6b9bc0b68f292c1cf5942 av_one_half  avia-builder-el-5  el_after_av_one_half  el_before_av_hr  flex_column_div  column-top-margin'     ><div  class='avia-icon-list-container av-av_iconlist-c9265973fe37925e1675fd541a8fb5d9  avia-builder-el-6  avia-builder-el-no-sibling '><ul class='avia-icon-list avia_animate_when_almost_visible avia-icon-list-left av-iconlist-big av-av_iconlist-c9265973fe37925e1675fd541a8fb5d9 avia-iconlist-animate'>\n<li><div class='iconlist_icon av-av_iconlist_item-1d96d5a41bd0778214cd8a18c2c85985 avia-font-entypo-fontello avia-iconfont avia-font-entypo-fontello'><span class='av-icon-char' data-av_icon='\ue800' data-av_iconfont='entypo-fontello' aria-hidden=\"true\"><\/span><\/div><article class=\"article-icon-entry \"  itemscope=\"itemscope\" itemtype=\"https:\/\/schema.org\/CreativeWork\" ><div class=\"iconlist_content_wrap\"><header class=\"entry-content-header\" aria-label=\"Icon: Schlagzeug\"><h4 class='av_iconlist_title iconlist_title  '  itemprop=\"headline\" >Schlagzeug<\/h4><\/header><div class='iconlist_content '  itemprop=\"text\" ><p><strong>Schlagzeug\u00a0<\/strong>vermittelt grundlegende Techniken f\u00fcr Anf\u00e4nger und Fortgeschrittene. Richtige Stick-Haltung und \u2013Technik, Begleiten in verschiedenen Stilrichtungen (Pop, Rock, Funk, Latin, Jazz, \u2026) sind ebenso Schwerpunkte, wie das Gestalten von Solos, Leadsheet-Reading, Double-Bassdrum sowie das Transkribieren von Drumparts.<\/p>\n<\/div><\/div><footer class=\"entry-footer\"><\/footer><\/article><div class=\"iconlist-timeline\"><\/div><\/li>\n<li><div class='iconlist_icon av-av_iconlist_item-5cf8f217672d98e338f356407dd531fe avia-font-entypo-fontello avia-iconfont avia-font-entypo-fontello'><span class='av-icon-char' data-av_icon='\ue800' data-av_iconfont='entypo-fontello' aria-hidden=\"true\"><\/span><\/div><article class=\"article-icon-entry \"  itemscope=\"itemscope\" itemtype=\"https:\/\/schema.org\/CreativeWork\" ><div class=\"iconlist_content_wrap\"><header class=\"entry-content-header\" aria-label=\"Icon: Klavier \/ Keyboard\"><h4 class='av_iconlist_title iconlist_title  '  itemprop=\"headline\" >Klavier \/ Keyboard<\/h4><\/header><div class='iconlist_content '  itemprop=\"text\" ><p><strong>Klavier<\/strong>\u00a0vermittelt neben den technischen Fertigkeiten auch Verst\u00e4ndnis f\u00fcr Harmonieaufbau und Struktur eines Songs. Mit der F\u00e4higkeit Akkordsymbole im Spiel umzusetzen, den richtigen \u201eGroove\u201c f\u00fcr Musikstilrichtungen wie Pop, Rock, Gospel und Jazz zu finden wird eine wirkungsvolle Songbegleitung erreicht.<\/p>\n<\/div><\/div><footer class=\"entry-footer\"><\/footer><\/article><div class=\"iconlist-timeline\"><\/div><\/li>\n<li><div class='iconlist_icon av-av_iconlist_item-7210479cdca66cc815c7d86852abff0f avia-font-entypo-fontello avia-iconfont avia-font-entypo-fontello'><span class='av-icon-char' data-av_icon='\ue800' data-av_iconfont='entypo-fontello' aria-hidden=\"true\"><\/span><\/div><article class=\"article-icon-entry \"  itemscope=\"itemscope\" itemtype=\"https:\/\/schema.org\/CreativeWork\" ><div class=\"iconlist_content_wrap\"><header class=\"entry-content-header\" aria-label=\"Icon: Vocal Class\/Gesang\"><h4 class='av_iconlist_title iconlist_title  '  itemprop=\"headline\" >Vocal Class\/Gesang<\/h4><\/header><div class='iconlist_content '  itemprop=\"text\" ><p><strong>Vocal Class<\/strong>\u00a0besch\u00e4ftigt sich mit der Entwicklung der ganz individuellen Singstimme. Mit Hilfe von Tipps und Tricks wird erlernt, stimmlichen Schw\u00e4chen ihre Schrecken zu nehmen. Auch Improvisation und Interpretation sind Umfang des Unterrichts. Kurz gesagt: Die eigene Stimme entdecken und genie\u00dfen lernen!<\/p>\n<\/div><\/div><footer class=\"entry-footer\"><\/footer><\/article><div class=\"iconlist-timeline\"><\/div><\/li>\n<\/ul><\/div><\/div>\n<div  class='hr av-av_hr-dcd2069817a0e3d34ae04cad8f3443c7 hr-default  avia-builder-el-7  el_after_av_one_half  el_before_av_button '><span class='hr-inner '><span class=\"hr-inner-style\"><\/span><\/span><\/div>\n<div  class='avia-button-wrap av-av_button-97090fe7d32bfc901d1b8e64f012c8b1-wrap avia-button-center  avia-builder-el-8  el_after_av_hr  avia-builder-el-last '><a href='https:\/\/schoolofpopmusic.at\/?page_id=1212'  class='avia-button av-av_button-97090fe7d32bfc901d1b8e64f012c8b1 av-link-btn avia-icon_select-yes-left-icon avia-size-medium avia-position-center avia-color-theme-color'   aria-label=\"Das ist unser Team! \"><span class='avia_button_icon avia_button_icon_left avia-iconfont avia-font-entypo-fontello' data-av_icon='\ue80b' data-av_iconfont='entypo-fontello' ><\/span><span class='avia_iconbox_title' >Das ist unser Team! <\/span><\/a><\/div>\n","protected":false},"excerpt":{"rendered":"","protected":false},"author":1,"featured_media":0,"parent":3809,"menu_order":0,"comment_status":"open","ping_status":"closed","template":"","meta":{"footnotes":"","_links_to":"","_links_to_target":""},"class_list":["post-3812","page","type-page","status-publish","hentry"],"_links":{"self":[{"href":"https:\/\/schoolofpopmusic.at\/index.php?rest_route=\/wp\/v2\/pages\/3812","targetHints":{"allow":["GET"]}}],"collection":[{"href":"https:\/\/schoolofpopmusic.at\/index.php?rest_route=\/wp\/v2\/pages"}],"about":[{"href":"https:\/\/schoolofpopmusic.at\/index.php?rest_route=\/wp\/v2\/types\/page"}],"author":[{"embeddable":true,"href":"https:\/\/schoolofpopmusic.at\/index.php?rest_route=\/wp\/v2\/users\/1"}],"replies":[{"embeddable":true,"href":"https:\/\/schoolofpopmusic.at\/index.php?rest_route=%2Fwp%2Fv2%2Fcomments&post=3812"}],"version-history":[{"count":10,"href":"https:\/\/schoolofpopmusic.at\/index.php?rest_route=\/wp\/v2\/pages\/3812\/revisions"}],"predecessor-version":[{"id":3883,"href":"https:\/\/schoolofpopmusic.at\/index.php?rest_route=\/wp\/v2\/pages\/3812\/revisions\/3883"}],"up":[{"embeddable":true,"href":"https:\/\/schoolofpopmusic.at\/index.php?rest_route=\/wp\/v2\/pages\/3809"}],"wp:attachment":[{"href":"https:\/\/schoolofpopmusic.at\/index.php?rest_route=%2Fwp%2Fv2%2Fmedia&parent=3812"}],"curies":[{"name":"wp","href":"https:\/\/api.w.org\/{rel}","templated":true}]}}